{"id":18,"date":"2024-01-03T16:52:34","date_gmt":"2024-01-03T16:52:34","guid":{"rendered":"http:\/\/localhost\/wordpress\/?page_id=18"},"modified":"2024-04-18T12:02:28","modified_gmt":"2024-04-18T12:02:28","slug":"hakkimizda","status":"publish","type":"page","link":"https:\/\/www.pekenerji.com.tr\/?page_id=18","title":{"rendered":"Hakk\u0131m\u0131zda"},"content":{"rendered":"\n<div style=\"height:20px\" aria-hidden=\"true\" class=\"wp-block-spacer\"><\/div>\n\n\n\n<h2 class=\"wp-block-heading has-text-align-center has-large-font-size\">Hakk\u0131m\u0131zda<\/h2>\n\n\n<style>.kadence-column18_abae4a-c8 > .kt-inside-inner-col{padding-top:100px;padding-right:200px;padding-bottom:100px;padding-left:200px;}.kadence-column18_abae4a-c8 > .kt-inside-inner-col,.kadence-column18_abae4a-c8 > .kt-inside-inner-col:before{border-top-left-radius:0px;border-top-right-radius:0px;border-bottom-right-radius:0px;border-bottom-left-radius:0px;}.kadence-column18_abae4a-c8 > .kt-inside-inner-col{column-gap:var(--global-kb-gap-sm, 1rem);}.kadence-column18_abae4a-c8 > .kt-inside-inner-col{flex-direction:column;}.kadence-column18_abae4a-c8 > .kt-inside-inner-col > .aligncenter{width:100%;}.kadence-column18_abae4a-c8 > .kt-inside-inner-col:before{opacity:0.3;}.kadence-column18_abae4a-c8{position:relative;}@media all and (max-width: 1024px){.kadence-column18_abae4a-c8 > .kt-inside-inner-col{flex-direction:column;}}@media all and (max-width: 767px){.kadence-column18_abae4a-c8 > .kt-inside-inner-col{flex-direction:column;}}<\/style>\n<div class=\"wp-block-kadence-column kadence-column18_abae4a-c8\"><div class=\"kt-inside-inner-col\">\n<div class=\"wp-block-media-text has-media-on-the-right is-stacked-on-mobile\"><div class=\"wp-block-media-text__content\">\n<p style=\"font-size:20px\"><strong>Ho\u015f Geldiniz!<\/strong><\/p>\n\n\n\n<p style=\"font-size:20px\">PEK Enerji, elektrik sekt\u00f6r\u00fcnde uzmanla\u015fm\u0131\u015f ve m\u00fc\u015fterilere kaliteli elektrik \u00fcr\u00fcnleri sunan k\u00f6kl\u00fc bir \u015firkettir. M\u00fc\u015fteri memnuniyetini odak noktas\u0131 olarak benimseyen PEK Enerji, sekt\u00f6rdeki deneyimi ve uzmanl\u0131\u011f\u0131yla g\u00fcvenilir ve yenilik\u00e7i \u00e7\u00f6z\u00fcmler sunmay\u0131 taahh\u00fct eder.<\/p>\n<\/div><figure class=\"wp-block-media-text__media\"><img loading=\"lazy\" decoding=\"async\" width=\"1024\" height=\"579\" src=\"https:\/\/www.pekenerji.com.tr\/wp-content\/uploads\/2024\/04\/Screenshot-2024-04-18-145351-1-1024x579.png\" alt=\"\" class=\"wp-image-299 size-full\" srcset=\"https:\/\/www.pekenerji.com.tr\/wp-content\/uploads\/2024\/04\/Screenshot-2024-04-18-145351-1-1024x579.png 1024w, https:\/\/www.pekenerji.com.tr\/wp-content\/uploads\/2024\/04\/Screenshot-2024-04-18-145351-1-300x170.png 300w, https:\/\/www.pekenerji.com.tr\/wp-content\/uploads\/2024\/04\/Screenshot-2024-04-18-145351-1-768x434.png 768w, https:\/\/www.pekenerji.com.tr\/wp-content\/uploads\/2024\/04\/Screenshot-2024-04-18-145351-1.png 1398w\" sizes=\"auto, (max-width: 1024px) 100vw, 1024px\" \/><\/figure><\/div>\n\n\n\n<hr class=\"wp-block-separator has-text-color has-alpha-channel-opacity has-background is-style-dots\" style=\"background-color:#71809661;color:#71809661\"\/>\n\n\n<style>.kadence-column18_360e44-67 > .kt-inside-inner-col,.kadence-column18_360e44-67 > .kt-inside-inner-col:before{border-top-left-radius:0px;border-top-right-radius:0px;border-bottom-right-radius:0px;border-bottom-left-radius:0px;}.kadence-column18_360e44-67 > .kt-inside-inner-col{column-gap:var(--global-kb-gap-sm, 1rem);}.kadence-column18_360e44-67 > .kt-inside-inner-col{flex-direction:column;}.kadence-column18_360e44-67 > .kt-inside-inner-col > .aligncenter{width:100%;}.kadence-column18_360e44-67 > .kt-inside-inner-col:before{opacity:0.3;}.kadence-column18_360e44-67{position:relative;}.kadence-column18_360e44-67, .kt-inside-inner-col > .kadence-column18_360e44-67:not(.specificity){margin-top:45px;margin-right:45px;margin-bottom:45px;margin-left:45px;}@media all and (max-width: 1024px){.kadence-column18_360e44-67 > .kt-inside-inner-col{flex-direction:column;}}@media all and (max-width: 767px){.kadence-column18_360e44-67 > .kt-inside-inner-col{flex-direction:column;}}<\/style>\n<div class=\"wp-block-kadence-column kadence-column18_360e44-67\"><div class=\"kt-inside-inner-col\"><style>.kb-row-layout-id18_d1a3e6-18 > .kt-row-column-wrap{align-content:start;}:where(.kb-row-layout-id18_d1a3e6-18 > .kt-row-column-wrap) > .wp-block-kadence-column{justify-content:start;}.kb-row-layout-id18_d1a3e6-18 > .kt-row-column-wrap{column-gap:var(--global-kb-gap-md, 2rem);row-gap:var(--global-kb-gap-md, 2rem);padding-top:var(--global-kb-spacing-sm, 1.5rem);padding-bottom:var(--global-kb-spacing-sm, 1.5rem);grid-template-columns:repeat(2, minmax(0, 1fr));}.kb-row-layout-id18_d1a3e6-18 > .kt-row-layout-overlay{opacity:0.30;}@media all and (max-width: 1024px){.kb-row-layout-id18_d1a3e6-18 > .kt-row-column-wrap{grid-template-columns:repeat(2, minmax(0, 1fr));}}@media all and (max-width: 767px){.kb-row-layout-id18_d1a3e6-18 > .kt-row-column-wrap{grid-template-columns:minmax(0, 1fr);}}<\/style><div class=\"kb-row-layout-wrap kb-row-layout-id18_d1a3e6-18 alignnone wp-block-kadence-rowlayout\"><div class=\"kt-row-column-wrap kt-has-2-columns kt-row-layout-equal kt-tab-layout-inherit kt-mobile-layout-row kt-row-valign-top\">\n<style>.kadence-column18_86d7d4-74 > .kt-inside-inner-col,.kadence-column18_86d7d4-74 > .kt-inside-inner-col:before{border-top-left-radius:0px;border-top-right-radius:0px;border-bottom-right-radius:0px;border-bottom-left-radius:0px;}.kadence-column18_86d7d4-74 > .kt-inside-inner-col{column-gap:var(--global-kb-gap-sm, 1rem);}.kadence-column18_86d7d4-74 > .kt-inside-inner-col{flex-direction:column;}.kadence-column18_86d7d4-74 > .kt-inside-inner-col > .aligncenter{width:100%;}.kadence-column18_86d7d4-74 > .kt-inside-inner-col:before{opacity:0.3;}.kadence-column18_86d7d4-74{position:relative;}@media all and (max-width: 1024px){.kadence-column18_86d7d4-74 > .kt-inside-inner-col{flex-direction:column;}}@media all and (max-width: 767px){.kadence-column18_86d7d4-74 > .kt-inside-inner-col{flex-direction:column;}}<\/style>\n<div class=\"wp-block-kadence-column kadence-column18_86d7d4-74\"><div class=\"kt-inside-inner-col\">\n<p style=\"font-size:20px\"><strong>Misyonumuz<\/strong><\/p>\n\n\n\n<p style=\"font-size:20px\">Misyonumuz, m\u00fc\u015fterilerimize sadece elektrik ihtiya\u00e7lar\u0131n\u0131 kar\u015f\u0131lamakla kalmay\u0131p ayn\u0131 zamanda onlar\u0131n ya\u015fam kalitesini art\u0131rmak i\u00e7in g\u00fcvenilir ve y\u00fcksek kaliteli elektrik \u00fcr\u00fcnleri sunmakt\u0131r. M\u00fc\u015fteri memnuniyetini ve kalite standartlar\u0131n\u0131 en \u00fcst d\u00fczeye \u00e7\u0131karmak i\u00e7in s\u00fcrekli \u00e7aba sarf eder, \u00e7\u00fcnk\u00fc biz, m\u00fc\u015fterilerimizin ba\u015far\u0131s\u0131 i\u00e7in \u00e7al\u0131\u015f\u0131r\u0131z.<\/p>\n<\/div><\/div>\n\n\n<style>.kadence-column18_e1ddb1-7a > .kt-inside-inner-col,.kadence-column18_e1ddb1-7a > .kt-inside-inner-col:before{border-top-left-radius:0px;border-top-right-radius:0px;border-bottom-right-radius:0px;border-bottom-left-radius:0px;}.kadence-column18_e1ddb1-7a > .kt-inside-inner-col{column-gap:var(--global-kb-gap-sm, 1rem);}.kadence-column18_e1ddb1-7a > .kt-inside-inner-col{flex-direction:column;}.kadence-column18_e1ddb1-7a > .kt-inside-inner-col > .aligncenter{width:100%;}.kadence-column18_e1ddb1-7a > .kt-inside-inner-col:before{opacity:0.3;}.kadence-column18_e1ddb1-7a{position:relative;}@media all and (max-width: 1024px){.kadence-column18_e1ddb1-7a > .kt-inside-inner-col{flex-direction:column;}}@media all and (max-width: 767px){.kadence-column18_e1ddb1-7a > .kt-inside-inner-col{flex-direction:column;}}<\/style>\n<div class=\"wp-block-kadence-column kadence-column18_e1ddb1-7a\"><div class=\"kt-inside-inner-col\">\n<p style=\"font-size:20px\"><strong>Vizyonumuz<\/strong><\/p>\n\n\n\n<p style=\"font-size:20px\">PEK Enerji olarak, gelece\u011fin enerji ihtiya\u00e7lar\u0131na yenilik\u00e7i ve s\u00fcrd\u00fcr\u00fclebilir \u00e7\u00f6z\u00fcmler sunarak sekt\u00f6rde lider bir konuma gelmeyi hedefliyoruz. \u0130novasyon ve m\u00fckemmellik odakl\u0131 yakla\u015f\u0131m\u0131m\u0131zla, m\u00fc\u015fterilerimize en uygun elektrik \u00e7\u00f6z\u00fcmlerini sunmakla kalmay\u0131p ayn\u0131 zamanda sekt\u00f6rdeki standartlar\u0131 belirleyen bir marka olmay\u0131 ama\u00e7l\u0131yoruz.<\/p>\n<\/div><\/div>\n\n<\/div><\/div><\/div><\/div>\n\n\n\n<hr class=\"wp-block-separator has-text-color has-alpha-channel-opacity has-background is-style-dots\" style=\"background-color:#71809661;color:#71809661\"\/>\n\n\n<style>.kadence-column18_594bfd-c9 > .kt-inside-inner-col,.kadence-column18_594bfd-c9 > .kt-inside-inner-col:before{border-top-left-radius:0px;border-top-right-radius:0px;border-bottom-right-radius:0px;border-bottom-left-radius:0px;}.kadence-column18_594bfd-c9 > .kt-inside-inner-col{column-gap:var(--global-kb-gap-sm, 1rem);}.kadence-column18_594bfd-c9 > .kt-inside-inner-col{flex-direction:column;}.kadence-column18_594bfd-c9 > .kt-inside-inner-col > .aligncenter{width:100%;}.kadence-column18_594bfd-c9 > .kt-inside-inner-col:before{opacity:0.3;}.kadence-column18_594bfd-c9{position:relative;}.kadence-column18_594bfd-c9, .kt-inside-inner-col > .kadence-column18_594bfd-c9:not(.specificity){margin-top:45px;margin-right:45px;margin-bottom:45px;margin-left:45px;}@media all and (max-width: 1024px){.kadence-column18_594bfd-c9 > .kt-inside-inner-col{flex-direction:column;}}@media all and (max-width: 767px){.kadence-column18_594bfd-c9 > .kt-inside-inner-col{flex-direction:column;}}<\/style>\n<div class=\"wp-block-kadence-column kadence-column18_594bfd-c9\"><div class=\"kt-inside-inner-col\">\n<p style=\"font-size:20px\"><strong>De\u011ferlerimiz<\/strong><\/p>\n\n\n\n<p style=\"font-size:20px\">De\u011ferlerimiz, m\u00fc\u015fteri memnuniyeti, kalite, d\u00fcr\u00fcstl\u00fck, \u00e7evre duyarl\u0131l\u0131\u011f\u0131 ve s\u00fcrekli geli\u015fme \u00fczerine kurulmu\u015ftur. M\u00fc\u015fterilerimizin ihtiya\u00e7lar\u0131n\u0131 anlamak ve onlara en uygun \u00e7\u00f6z\u00fcmleri sunmak i\u00e7in \u00e7aba g\u00f6steririz. Ayn\u0131 zamanda, etik de\u011ferlere ba\u011fl\u0131 kalarak i\u015fimizi d\u00fcr\u00fcst ve \u015feffaf bir \u015fekilde y\u00fcr\u00fct\u00fcr, \u00e7evreye ve topluma kar\u015f\u0131 sorumluluklar\u0131m\u0131z\u0131 yerine getirmek i\u00e7in \u00e7al\u0131\u015f\u0131r\u0131z.<\/p>\n<\/div><\/div>\n<\/div><\/div>\n","protected":false},"excerpt":{"rendered":"<p>Hakk\u0131m\u0131zda Ho\u015f Geldiniz! PEK Enerji, elektrik sekt\u00f6r\u00fcnde uzmanla\u015fm\u0131\u015f ve m\u00fc\u015fterilere kaliteli elektrik \u00fcr\u00fcnleri sunan k\u00f6kl\u00fc bir \u015firkettir. M\u00fc\u015fteri memnuniyetini odak noktas\u0131 olarak benimseyen PEK Enerji, sekt\u00f6rdeki deneyimi ve uzmanl\u0131\u011f\u0131yla g\u00fcvenilir ve yenilik\u00e7i \u00e7\u00f6z\u00fcmler sunmay\u0131 taahh\u00fct eder. Misyonumuz Misyonumuz, m\u00fc\u015fterilerimize sadece elektrik ihtiya\u00e7lar\u0131n\u0131 kar\u015f\u0131lamakla kalmay\u0131p ayn\u0131 zamanda onlar\u0131n ya\u015fam kalitesini art\u0131rmak i\u00e7in g\u00fcvenilir ve y\u00fcksek kaliteli&#8230;<\/p>\n","protected":false},"author":2,"featured_media":0,"parent":0,"menu_order":0,"comment_status":"closed","ping_status":"closed","template":"","meta":{"_kad_post_transparent":"","_kad_post_title":"","_kad_post_layout":"","_kad_post_sidebar_id":"","_kad_post_content_style":"","_kad_post_vertical_padding":"","_kad_post_feature":"","_kad_post_feature_position":"","_kad_post_header":false,"_kad_post_footer":false,"footnotes":""},"class_list":["post-18","page","type-page","status-publish","hentry"],"_links":{"self":[{"href":"https:\/\/www.pekenerji.com.tr\/index.php?rest_route=\/wp\/v2\/pages\/18","targetHints":{"allow":["GET"]}}],"collection":[{"href":"https:\/\/www.pekenerji.com.tr\/index.php?rest_route=\/wp\/v2\/pages"}],"about":[{"href":"https:\/\/www.pekenerji.com.tr\/index.php?rest_route=\/wp\/v2\/types\/page"}],"author":[{"embeddable":true,"href":"https:\/\/www.pekenerji.com.tr\/index.php?rest_route=\/wp\/v2\/users\/2"}],"replies":[{"embeddable":true,"href":"https:\/\/www.pekenerji.com.tr\/index.php?rest_route=%2Fwp%2Fv2%2Fcomments&post=18"}],"version-history":[{"count":10,"href":"https:\/\/www.pekenerji.com.tr\/index.php?rest_route=\/wp\/v2\/pages\/18\/revisions"}],"predecessor-version":[{"id":300,"href":"https:\/\/www.pekenerji.com.tr\/index.php?rest_route=\/wp\/v2\/pages\/18\/revisions\/300"}],"wp:attachment":[{"href":"https:\/\/www.pekenerji.com.tr\/index.php?rest_route=%2Fwp%2Fv2%2Fmedia&parent=18"}],"curies":[{"name":"wp","href":"https:\/\/api.w.org\/{rel}","templated":true}]}}