{"id":20,"date":"2024-01-03T16:52:50","date_gmt":"2024-01-03T16:52:50","guid":{"rendered":"http:\/\/localhost\/wordpress\/?page_id=20"},"modified":"2024-04-23T09:44:32","modified_gmt":"2024-04-23T09:44:32","slug":"iletisim","status":"publish","type":"page","link":"https:\/\/www.pekenerji.com.tr\/?page_id=20","title":{"rendered":"\u0130leti\u015fim"},"content":{"rendered":"\n<div style=\"height:20px\" aria-hidden=\"true\" class=\"wp-block-spacer\"><\/div>\n\n\n\n<h2 class=\"wp-block-heading has-text-align-center has-large-font-size\">\u0130leti\u015fim<\/h2>\n\n\n<style>.kadence-column20_d61fc5-5f > .kt-inside-inner-col{padding-top:100px;padding-right:200px;padding-bottom:100px;padding-left:200px;}.kadence-column20_d61fc5-5f > .kt-inside-inner-col,.kadence-column20_d61fc5-5f > .kt-inside-inner-col:before{border-top-left-radius:0px;border-top-right-radius:0px;border-bottom-right-radius:0px;border-bottom-left-radius:0px;}.kadence-column20_d61fc5-5f > .kt-inside-inner-col{column-gap:var(--global-kb-gap-sm, 1rem);}.kadence-column20_d61fc5-5f > .kt-inside-inner-col{flex-direction:column;}.kadence-column20_d61fc5-5f > .kt-inside-inner-col > .aligncenter{width:100%;}.kadence-column20_d61fc5-5f > .kt-inside-inner-col:before{opacity:0.3;}.kadence-column20_d61fc5-5f{position:relative;}@media all and (max-width: 1024px){.kadence-column20_d61fc5-5f > .kt-inside-inner-col{flex-direction:column;}}@media all and (max-width: 767px){.kadence-column20_d61fc5-5f > .kt-inside-inner-col{flex-direction:column;}}<\/style>\n<div class=\"wp-block-kadence-column kadence-column20_d61fc5-5f\"><div class=\"kt-inside-inner-col\"><style>.kb-row-layout-id20_803ab0-49 > .kt-row-column-wrap{align-content:start;}:where(.kb-row-layout-id20_803ab0-49 > .kt-row-column-wrap) > .wp-block-kadence-column{justify-content:start;}.kb-row-layout-id20_803ab0-49 > .kt-row-column-wrap{column-gap:var(--global-kb-gap-md, 2rem);row-gap:var(--global-kb-gap-md, 2rem);padding-top:var(--global-kb-spacing-sm, 1.5rem);padding-bottom:var(--global-kb-spacing-sm, 1.5rem);grid-template-columns:repeat(2, minmax(0, 1fr));}.kb-row-layout-id20_803ab0-49 > .kt-row-layout-overlay{opacity:0.30;}@media all and (max-width: 1024px){.kb-row-layout-id20_803ab0-49 > .kt-row-column-wrap{grid-template-columns:repeat(2, minmax(0, 1fr));}}@media all and (max-width: 767px){.kb-row-layout-id20_803ab0-49 > .kt-row-column-wrap{grid-template-columns:minmax(0, 1fr);}}<\/style><div class=\"kb-row-layout-wrap kb-row-layout-id20_803ab0-49 alignnone wp-block-kadence-rowlayout\"><div class=\"kt-row-column-wrap kt-has-2-columns kt-row-layout-equal kt-tab-layout-inherit kt-mobile-layout-row kt-row-valign-top\">\n<style>.kadence-column20_d4b358-72 > .kt-inside-inner-col,.kadence-column20_d4b358-72 > .kt-inside-inner-col:before{border-top-left-radius:0px;border-top-right-radius:0px;border-bottom-right-radius:0px;border-bottom-left-radius:0px;}.kadence-column20_d4b358-72 > .kt-inside-inner-col{column-gap:var(--global-kb-gap-sm, 1rem);}.kadence-column20_d4b358-72 > .kt-inside-inner-col{flex-direction:column;}.kadence-column20_d4b358-72 > .kt-inside-inner-col > .aligncenter{width:100%;}.kadence-column20_d4b358-72 > .kt-inside-inner-col:before{opacity:0.3;}.kadence-column20_d4b358-72{position:relative;}@media all and (max-width: 1024px){.kadence-column20_d4b358-72 > .kt-inside-inner-col{flex-direction:column;}}@media all and (max-width: 767px){.kadence-column20_d4b358-72 > .kt-inside-inner-col{flex-direction:column;}}<\/style>\n<div class=\"wp-block-kadence-column kadence-column20_d4b358-72\"><div class=\"kt-inside-inner-col\">\n<div class=\"wp-block-kadence-form kadence-form-20_41c229-be kb-form-wrap\"><form class=\"kb-form\" action=\"\" method=\"post\" data-error-message=\"Devam etmek i\u00e7in l\u00fctfen hatalar\u0131 d\u00fczeltin.\"><div class=\"kadence-blocks-form-field kb-field-desk-width-100 kb-input-size-standard\"><label for=\"kb_field_20_41c229-be_0\">Ad &#8211; Soyad<\/label><input name=\"kb_field_0\" id=\"kb_field_20_41c229-be_0\" data-label=\"Ad - Soyad\" type=\"text\" placeholder=\"\" value=\"\" data-type=\"text\" class=\"kb-field kb-text-style-field kb-text-field kb-field-0\"\/><\/div><div class=\"kadence-blocks-form-field kb-form-field-1 kb-field-desk-width-100 kb-input-size-standard\"><label for=\"kb_field_20_41c229-be_1\">Email<span class=\"required\">*<\/span><\/label><input name=\"kb_field_1\" id=\"kb_field_20_41c229-be_1\" data-label=\"Email\" type=\"email\" placeholder=\"\" value=\"\" data-type=\"email\" class=\"kb-field kb-text-style-field kb-email-field kb-field-1\" data-required=\"yes\" data-required-message=\"Email zorunludur.\" data-validation-message=\"Email ge\u00e7ersiz.\"\/><\/div><div class=\"kadence-blocks-form-field kb-form-field-2 kb-field-desk-width-100 kb-input-size-standard\"><label for=\"kb_field_20_41c229-be_2\">Mesaj<span class=\"required\">*<\/span><\/label><textarea name=\"kb_field_2\" id=\"kb_field_20_41c229-be_2\" data-label=\"Mesaj\" type=\"textarea\" placeholder=\"\" data-type=\"textarea\" class=\"kb-field kb-text-style-field kb-textarea-field kb-field-2\" rows=\"4\" data-required=\"yes\" data-required-message=\"Mesaj zorunludur.\"><\/textarea><\/div><input type=\"hidden\" name=\"_kb_form_id\" value=\"20_41c229-be\"\/><input type=\"hidden\" name=\"_kb_form_post_id\" value=\"20\"\/><input type=\"hidden\" name=\"action\" value=\"kb_process_ajax_submit\"\/><input class=\"kadence-blocks-field verify\" type=\"text\" name=\"_kb_verify_email\" autocomplete=\"new-password\" aria-hidden=\"true\" placeholder=\"Email\" tabindex=\"-1\" data-1p-ignore=\"true\" data-lpignore=\"true\" \/><div class=\"kadence-blocks-form-field kb-submit-field kb-field-desk-width-100\"><button class=\"kb-forms-submit button kb-button-size-standard kb-button-width-auto\">G\u00f6nder<\/button><\/div><\/form><\/div>\n<noscript><div class=\"kadence-blocks-form-message kadence-blocks-form-warning\">Please enable JavaScript in your browser to submit the form<\/div><style>.kadence-form-20_41c229-be .kadence-blocks-form-field.kb-submit-field { display: none; }<\/style><\/noscript><\/div><\/div>\n\n\n<style>.kadence-column20_fe0af6-94 > .kt-inside-inner-col,.kadence-column20_fe0af6-94 > .kt-inside-inner-col:before{border-top-left-radius:0px;border-top-right-radius:0px;border-bottom-right-radius:0px;border-bottom-left-radius:0px;}.kadence-column20_fe0af6-94 > .kt-inside-inner-col{column-gap:var(--global-kb-gap-sm, 1rem);}.kadence-column20_fe0af6-94 > .kt-inside-inner-col{flex-direction:column;}.kadence-column20_fe0af6-94 > .kt-inside-inner-col > .aligncenter{width:100%;}.kadence-column20_fe0af6-94 > .kt-inside-inner-col:before{opacity:0.3;}.kadence-column20_fe0af6-94{position:relative;}@media all and (max-width: 1024px){.kadence-column20_fe0af6-94 > .kt-inside-inner-col{flex-direction:column;}}@media all and (max-width: 767px){.kadence-column20_fe0af6-94 > .kt-inside-inner-col{flex-direction:column;}}<\/style>\n<div class=\"wp-block-kadence-column kadence-column20_fe0af6-94\"><div class=\"kt-inside-inner-col\"><style>.kb-google-maps-container20_0fbf17-3a{height:450px;}<\/style><div class=\"kb-google-maps-container kb-google-maps-container20_0fbf17-3a  wp-block-kadence-googlemaps\" data-mapid=\"20_0fbf173a\"><iframe width=\"100%\" height=\"100%\"\n\t\t\t\t\t\t\tstyle=\"border:0\" loading=\"lazy\"\n\t\t\t\t\t\t\tsrc=\"https:\/\/www.google.com\/maps\/embed\/v1\/place?key=AIzaSyBAM2o7PiQqwk15LC1XRH2e_KJ-jUa7KYk&#038;zoom=11&#038;maptype=roadmap&#038;q=Karaba%C5%9F+mh.+Cengiz+Topel+cd.As%C4%B1m+Efendi+sk.+No%3A4%2F1+%C4%B0zmit%2FKOCAEL%C4%B0+Karaba%C5%9F+mh.+Cengiz+Topel+cd%2C+As%C4%B1m+Efendi+Sk.+No%3A4%2F1%2C+41040+%C4%B0zmit%2FKocaeli+PEK+ELEKTRO+MARKET\"\n\t\t\t\t\t\t\ttitle=\"Google map of Karaba\u015f mh. Cengiz Topel cd.As\u0131m Efendi sk. No:4\/1 \u0130zmit\/KOCAEL\u0130 Karaba\u015f mh. Cengiz Topel cd, As\u0131m Efendi Sk. No:4\/1, 41040 \u0130zmit\/Kocaeli PEK ELEKTRO MARKET\"><\/iframe><\/div><script>function kb_google_map20_0fbf173a() { let center = { lat: 37.8201, lng: -122.4781}; let map = new google.maps.Map(document.getElementById(\"kb-google-map20_0fbf173a\"), {\n\t\t\t\t\t    zoom: 11,\n\t\t\t\t\t    center: center,});let marker = new google.maps.Marker({   position: { lat: 37.8201, lng: -122.4781},    map: map,  });}<\/script><\/div><\/div>\n\n<\/div><\/div><\/div><\/div>\n","protected":false},"excerpt":{"rendered":"<p>\u0130leti\u015fim<\/p>\n","protected":false},"author":2,"featured_media":0,"parent":0,"menu_order":0,"comment_status":"closed","ping_status":"closed","template":"","meta":{"_kad_post_transparent":"","_kad_post_title":"","_kad_post_layout":"","_kad_post_sidebar_id":"","_kad_post_content_style":"","_kad_post_vertical_padding":"","_kad_post_feature":"","_kad_post_feature_position":"","_kad_post_header":false,"_kad_post_footer":false,"footnotes":""},"class_list":["post-20","page","type-page","status-publish","hentry"],"_links":{"self":[{"href":"https:\/\/www.pekenerji.com.tr\/index.php?rest_route=\/wp\/v2\/pages\/20","targetHints":{"allow":["GET"]}}],"collection":[{"href":"https:\/\/www.pekenerji.com.tr\/index.php?rest_route=\/wp\/v2\/pages"}],"about":[{"href":"https:\/\/www.pekenerji.com.tr\/index.php?rest_route=\/wp\/v2\/types\/page"}],"author":[{"embeddable":true,"href":"https:\/\/www.pekenerji.com.tr\/index.php?rest_route=\/wp\/v2\/users\/2"}],"replies":[{"embeddable":true,"href":"https:\/\/www.pekenerji.com.tr\/index.php?rest_route=%2Fwp%2Fv2%2Fcomments&post=20"}],"version-history":[{"count":4,"href":"https:\/\/www.pekenerji.com.tr\/index.php?rest_route=\/wp\/v2\/pages\/20\/revisions"}],"predecessor-version":[{"id":388,"href":"https:\/\/www.pekenerji.com.tr\/index.php?rest_route=\/wp\/v2\/pages\/20\/revisions\/388"}],"wp:attachment":[{"href":"https:\/\/www.pekenerji.com.tr\/index.php?rest_route=%2Fwp%2Fv2%2Fmedia&parent=20"}],"curies":[{"name":"wp","href":"https:\/\/api.w.org\/{rel}","templated":true}]}}